{"id":1540,"date":"2025-04-08T14:24:36","date_gmt":"2025-04-08T12:24:36","guid":{"rendered":"https:\/\/agronuts.be\/manufacturing\/een-duurzame-inzet\/"},"modified":"2025-05-07T17:03:53","modified_gmt":"2025-05-07T15:03:53","slug":"een-duurzame-inzet","status":"publish","type":"page","link":"https:\/\/agronuts.be\/nl\/manufacturing\/een-duurzame-inzet\/","title":{"rendered":"Een duurzame inzet"},"content":{"rendered":"\t\t<div data-elementor-type=\"wp-page\" data-elementor-id=\"1540\" class=\"elementor elementor-1540 elementor-841\" data-elementor-post-type=\"page\">\n\t\t\t\t<div class=\"elementor-element elementor-element-14c83df e-con-full e-flex e-con e-parent\" data-id=\"14c83df\" data-element_type=\"container\" data-e-type=\"container\" data-settings=\"{&quot;background_background&quot;:&quot;classic&quot;,&quot;shape_divider_bottom&quot;:&quot;tilt&quot;}\">\n\t\t\t\t<div class=\"elementor-shape elementor-shape-bottom\" aria-hidden=\"true\" data-negative=\"false\">\n\t\t\t<svg xmlns=\"http:\/\/www.w3.org\/2000\/svg\" viewBox=\"0 0 1000 100\" preserveAspectRatio=\"none\">\n\t<path class=\"elementor-shape-fill\" d=\"M0,6V0h1000v100L0,6z\"\/>\n<\/svg>\t\t<\/div>\n\t\t<div class=\"elementor-element elementor-element-a5411a6 e-con-full e-flex e-con e-child\" data-id=\"a5411a6\" data-element_type=\"container\" data-e-type=\"container\">\n\t\t\t\t<div class=\"elementor-element elementor-element-876bc33 elementor-view-default elementor-widget elementor-widget-icon\" data-id=\"876bc33\" data-element_type=\"widget\" data-e-type=\"widget\" data-widget_type=\"icon.default\">\n\t\t\t\t<div class=\"elementor-widget-container\">\n\t\t\t\t\t\t\t<div class=\"elementor-icon-wrapper\">\n\t\t\t<div class=\"elementor-icon\">\n\t\t\t<i aria-hidden=\"true\" class=\"fas fa-leaf\"><\/i>\t\t\t<\/div>\n\t\t<\/div>\n\t\t\t\t\t\t<\/div>\n\t\t\t\t<\/div>\n\t\t\t\t<div class=\"elementor-element elementor-element-8b3a308 elementor-widget elementor-widget-heading\" data-id=\"8b3a308\" data-element_type=\"widget\" data-e-type=\"widget\" data-widget_type=\"heading.default\">\n\t\t\t\t<div class=\"elementor-widget-container\">\n\t\t\t\t\t<p class=\"elementor-heading-title elementor-size-default\">Agronuts Manufacturing<\/p>\t\t\t\t<\/div>\n\t\t\t\t<\/div>\n\t\t\t\t<div class=\"elementor-element elementor-element-4bb42ca elementor-widget-mobile__width-initial elementor-widget__width-initial elementor-widget-tablet__width-initial elementor-widget elementor-widget-heading\" data-id=\"4bb42ca\" data-element_type=\"widget\" data-e-type=\"widget\" data-widget_type=\"heading.default\">\n\t\t\t\t<div class=\"elementor-widget-container\">\n\t\t\t\t\t<h1 class=\"elementor-heading-title elementor-size-default\">Een duurzame inzet<\/h1>\t\t\t\t<\/div>\n\t\t\t\t<\/div>\n\t\t\t\t<div class=\"elementor-element elementor-element-b184090 elementor-widget-divider--view-line elementor-widget elementor-widget-divider\" data-id=\"b184090\" data-element_type=\"widget\" data-e-type=\"widget\" data-widget_type=\"divider.default\">\n\t\t\t\t<div class=\"elementor-widget-container\">\n\t\t\t\t\t\t\t<div class=\"elementor-divider\">\n\t\t\t<span class=\"elementor-divider-separator\">\n\t\t\t\t\t\t<\/span>\n\t\t<\/div>\n\t\t\t\t\t\t<\/div>\n\t\t\t\t<\/div>\n\t\t\t\t<div class=\"elementor-element elementor-element-189279b elementor-view-default elementor-widget elementor-widget-icon\" data-id=\"189279b\" data-element_type=\"widget\" data-e-type=\"widget\" data-widget_type=\"icon.default\">\n\t\t\t\t<div class=\"elementor-widget-container\">\n\t\t\t\t\t\t\t<div class=\"elementor-icon-wrapper\">\n\t\t\t<a class=\"elementor-icon elementor-animation-grow\" href=\"#main\">\n\t\t\t<i aria-hidden=\"true\" class=\"fas fa-angle-down\"><\/i>\t\t\t<\/a>\n\t\t<\/div>\n\t\t\t\t\t\t<\/div>\n\t\t\t\t<\/div>\n\t\t\t\t<\/div>\n\t\t\t\t<\/div>\n\t\t<div class=\"elementor-element elementor-element-dbfade1 e-flex e-con-boxed e-con e-parent\" data-id=\"dbfade1\" data-element_type=\"container\" data-e-type=\"container\" id=\"main\">\n\t\t\t\t\t<div class=\"e-con-inner\">\n\t\t\t\t<div class=\"elementor-element elementor-element-99a762e elementor-widget-tablet__width-initial elementor-widget__width-initial elementor-widget elementor-widget-heading\" data-id=\"99a762e\" data-element_type=\"widget\" data-e-type=\"widget\" data-widget_type=\"heading.default\">\n\t\t\t\t<div class=\"elementor-widget-container\">\n\t\t\t\t\t<h2 class=\"elementor-heading-title elementor-size-default\">Uw betrokkenheid ondersteunt de Belgische hazelnootindustrie<\/h2>\t\t\t\t<\/div>\n\t\t\t\t<\/div>\n\t\t\t\t<div class=\"elementor-element elementor-element-b796099 elementor-widget-divider--view-line elementor-widget elementor-widget-divider\" data-id=\"b796099\" data-element_type=\"widget\" data-e-type=\"widget\" data-widget_type=\"divider.default\">\n\t\t\t\t<div class=\"elementor-widget-container\">\n\t\t\t\t\t\t\t<div class=\"elementor-divider\">\n\t\t\t<span class=\"elementor-divider-separator\">\n\t\t\t\t\t\t<\/span>\n\t\t<\/div>\n\t\t\t\t\t\t<\/div>\n\t\t\t\t<\/div>\n\t\t\t\t<div class=\"elementor-element elementor-element-8d2082d elementor-widget-tablet__width-initial elementor-widget__width-initial elementor-widget elementor-widget-text-editor\" data-id=\"8d2082d\" data-element_type=\"widget\" data-e-type=\"widget\" data-widget_type=\"text-editor.default\">\n\t\t\t\t<div class=\"elementor-widget-container\">\n\t\t\t\t\t\t\t\t\t<p>Bij Agronuts geloven we vast dat elke hazelnoot een impact kan hebben die verder gaat dan uw creaties. Door onze producten te kiezen, neemt u actief deel aan een visionair project: <strong>het ontwikkelen van hazelnootgaarden in Walloni\u00eb<\/strong>.<\/p>\n<p>Elke jaar planten we nieuwe bomen om:<\/p>\n\t\t\t\t\t\t\t\t<\/div>\n\t\t\t\t<\/div>\n\t\t\t\t<div class=\"elementor-element elementor-element-66c9e01 elementor-align-center elementor-mobile-align-start elementor-icon-list--layout-traditional elementor-list-item-link-full_width elementor-widget elementor-widget-icon-list\" data-id=\"66c9e01\" data-element_type=\"widget\" data-e-type=\"widget\" data-widget_type=\"icon-list.default\">\n\t\t\t\t<div class=\"elementor-widget-container\">\n\t\t\t\t\t\t\t<ul class=\"elementor-icon-list-items\">\n\t\t\t\t\t\t\t<li class=\"elementor-icon-list-item\">\n\t\t\t\t\t\t\t\t\t\t\t<span class=\"elementor-icon-list-icon\">\n\t\t\t\t\t\t\t<i aria-hidden=\"true\" class=\"fas fa-check\"><\/i>\t\t\t\t\t\t<\/span>\n\t\t\t\t\t\t\t\t\t\t<span class=\"elementor-icon-list-text\">Lokale en duurzame landbouw te ondersteunen<\/span>\n\t\t\t\t\t\t\t\t\t<\/li>\n\t\t\t\t\t\t\t\t<li class=\"elementor-icon-list-item\">\n\t\t\t\t\t\t\t\t\t\t\t<span class=\"elementor-icon-list-icon\">\n\t\t\t\t\t\t\t<i aria-hidden=\"true\" class=\"fas fa-check\"><\/i>\t\t\t\t\t\t<\/span>\n\t\t\t\t\t\t\t\t\t\t<span class=\"elementor-icon-list-text\">Biodiversiteit te bevorderen door milieuvriendelijke praktijken<\/span>\n\t\t\t\t\t\t\t\t\t<\/li>\n\t\t\t\t\t\t\t\t<li class=\"elementor-icon-list-item\">\n\t\t\t\t\t\t\t\t\t\t\t<span class=\"elementor-icon-list-icon\">\n\t\t\t\t\t\t\t<i aria-hidden=\"true\" class=\"fas fa-check\"><\/i>\t\t\t\t\t\t<\/span>\n\t\t\t\t\t\t\t\t\t\t<span class=\"elementor-icon-list-text\">De Belgische voedselsoevereiniteit te versterken met hoogwaardige hazelnoten<\/span>\n\t\t\t\t\t\t\t\t\t<\/li>\n\t\t\t\t\t\t<\/ul>\n\t\t\t\t\t\t<\/div>\n\t\t\t\t<\/div>\n\t\t\t\t<div class=\"elementor-element elementor-element-4f785ce elementor-widget-tablet__width-initial elementor-widget__width-initial elementor-widget elementor-widget-text-editor\" data-id=\"4f785ce\" data-element_type=\"widget\" data-e-type=\"widget\" data-widget_type=\"text-editor.default\">\n\t\t\t\t<div class=\"elementor-widget-container\">\n\t\t\t\t\t\t\t\t\t<p>Uw aankopen zijn niet alleen een keuze voor ambachtelijke kwaliteit: ze zijn ook een inzet voor de natuur en onze regio.<\/p>\n\t\t\t\t\t\t\t\t<\/div>\n\t\t\t\t<\/div>\n\t\t\t\t<div class=\"elementor-element elementor-element-dfbb674 elementor-widget-divider--view-line_icon elementor-view-default elementor-widget-divider--element-align-center elementor-widget elementor-widget-divider\" data-id=\"dfbb674\" data-element_type=\"widget\" data-e-type=\"widget\" data-widget_type=\"divider.default\">\n\t\t\t\t<div class=\"elementor-widget-container\">\n\t\t\t\t\t\t\t<div class=\"elementor-divider\">\n\t\t\t<span class=\"elementor-divider-separator\">\n\t\t\t\t\t\t\t<div class=\"elementor-icon elementor-divider__element\">\n\t\t\t\t\t<i aria-hidden=\"true\" class=\"fas fa-leaf\"><\/i><\/div>\n\t\t\t\t\t\t<\/span>\n\t\t<\/div>\n\t\t\t\t\t\t<\/div>\n\t\t\t\t<\/div>\n\t\t\t\t<div class=\"elementor-element elementor-element-7b9d82c elementor-widget__width-initial elementor-widget-tablet__width-initial elementor-widget elementor-widget-heading\" data-id=\"7b9d82c\" data-element_type=\"widget\" data-e-type=\"widget\" data-widget_type=\"heading.default\">\n\t\t\t\t<div class=\"elementor-widget-container\">\n\t\t\t\t\t<h2 class=\"elementor-heading-title elementor-size-default\">Onze impact in een paar cijfers<\/h2>\t\t\t\t<\/div>\n\t\t\t\t<\/div>\n\t\t\t\t<div class=\"elementor-element elementor-element-8673660 elementor-widget-divider--view-line elementor-widget elementor-widget-divider\" data-id=\"8673660\" data-element_type=\"widget\" data-e-type=\"widget\" data-widget_type=\"divider.default\">\n\t\t\t\t<div class=\"elementor-widget-container\">\n\t\t\t\t\t\t\t<div class=\"elementor-divider\">\n\t\t\t<span class=\"elementor-divider-separator\">\n\t\t\t\t\t\t<\/span>\n\t\t<\/div>\n\t\t\t\t\t\t<\/div>\n\t\t\t\t<\/div>\n\t\t<div class=\"elementor-element elementor-element-055da32 e-con-full e-flex e-con e-child\" data-id=\"055da32\" data-element_type=\"container\" data-e-type=\"container\">\n\t\t<div class=\"elementor-element elementor-element-8aab6d3 e-con-full e-flex e-con e-child\" data-id=\"8aab6d3\" data-element_type=\"container\" data-e-type=\"container\">\n\t\t\t\t<div class=\"elementor-element elementor-element-d833948 elementor-widget__width-initial elementor-widget elementor-widget-heading\" data-id=\"d833948\" data-element_type=\"widget\" data-e-type=\"widget\" data-widget_type=\"heading.default\">\n\t\t\t\t<div class=\"elementor-widget-container\">\n\t\t\t\t\t<h3 class=\"elementor-heading-title elementor-size-default\">Een continu groeiend project<\/h3>\t\t\t\t<\/div>\n\t\t\t\t<\/div>\n\t\t\t\t<div class=\"elementor-element elementor-element-b76efa4 elementor-icon-list--layout-traditional elementor-list-item-link-full_width elementor-widget elementor-widget-icon-list\" data-id=\"b76efa4\" data-element_type=\"widget\" data-e-type=\"widget\" data-widget_type=\"icon-list.default\">\n\t\t\t\t<div class=\"elementor-widget-container\">\n\t\t\t\t\t\t\t<ul class=\"elementor-icon-list-items\">\n\t\t\t\t\t\t\t<li class=\"elementor-icon-list-item\">\n\t\t\t\t\t\t\t\t\t\t\t<span class=\"elementor-icon-list-icon\">\n\t\t\t\t\t\t\t<i aria-hidden=\"true\" class=\"fas fa-check\"><\/i>\t\t\t\t\t\t<\/span>\n\t\t\t\t\t\t\t\t\t\t<span class=\"elementor-icon-list-text\">150 hectare hazelnoten geplant sinds 2020<\/span>\n\t\t\t\t\t\t\t\t\t<\/li>\n\t\t\t\t\t\t\t\t<li class=\"elementor-icon-list-item\">\n\t\t\t\t\t\t\t\t\t\t\t<span class=\"elementor-icon-list-icon\">\n\t\t\t\t\t\t\t<i aria-hidden=\"true\" class=\"fas fa-check\"><\/i>\t\t\t\t\t\t<\/span>\n\t\t\t\t\t\t\t\t\t\t<span class=\"elementor-icon-list-text\">Doel 2030: Bereiken van 400 hectare in Belgi\u00eb<\/span>\n\t\t\t\t\t\t\t\t\t<\/li>\n\t\t\t\t\t\t\t\t<li class=\"elementor-icon-list-item\">\n\t\t\t\t\t\t\t\t\t\t\t<span class=\"elementor-icon-list-icon\">\n\t\t\t\t\t\t\t<i aria-hidden=\"true\" class=\"fas fa-check\"><\/i>\t\t\t\t\t\t<\/span>\n\t\t\t\t\t\t\t\t\t\t<span class=\"elementor-icon-list-text\">Directe bijdrage: Elke kilogram pralin\u00e9 ondersteunt de aanplant van \u00e9\u00e9n boom<\/span>\n\t\t\t\t\t\t\t\t\t<\/li>\n\t\t\t\t\t\t<\/ul>\n\t\t\t\t\t\t<\/div>\n\t\t\t\t<\/div>\n\t\t\t\t<\/div>\n\t\t<div class=\"elementor-element elementor-element-dfd6ca7 e-con-full e-flex e-con e-child\" data-id=\"dfd6ca7\" data-element_type=\"container\" data-e-type=\"container\">\n\t\t\t\t<div class=\"elementor-element elementor-element-2d3661a elementor-widget__width-initial elementor-widget-mobile__width-initial elementor-widget elementor-widget-heading\" data-id=\"2d3661a\" data-element_type=\"widget\" data-e-type=\"widget\" data-widget_type=\"heading.default\">\n\t\t\t\t<div class=\"elementor-widget-container\">\n\t\t\t\t\t<h3 class=\"elementor-heading-title elementor-size-default\">Concrete voordelen voor iedereen<\/h3>\t\t\t\t<\/div>\n\t\t\t\t<\/div>\n\t\t\t\t<div class=\"elementor-element elementor-element-d27c88f elementor-icon-list--layout-traditional elementor-list-item-link-full_width elementor-widget elementor-widget-icon-list\" data-id=\"d27c88f\" data-element_type=\"widget\" data-e-type=\"widget\" data-widget_type=\"icon-list.default\">\n\t\t\t\t<div class=\"elementor-widget-container\">\n\t\t\t\t\t\t\t<ul class=\"elementor-icon-list-items\">\n\t\t\t\t\t\t\t<li class=\"elementor-icon-list-item\">\n\t\t\t\t\t\t\t\t\t\t\t<span class=\"elementor-icon-list-icon\">\n\t\t\t\t\t\t\t<i aria-hidden=\"true\" class=\"fas fa-check\"><\/i>\t\t\t\t\t\t<\/span>\n\t\t\t\t\t\t\t\t\t\t<span class=\"elementor-icon-list-text\">Eerlijke inkomsten voor Belgische boeren via onze lokale samenwerking<\/span>\n\t\t\t\t\t\t\t\t\t<\/li>\n\t\t\t\t\t\t\t\t<li class=\"elementor-icon-list-item\">\n\t\t\t\t\t\t\t\t\t\t\t<span class=\"elementor-icon-list-icon\">\n\t\t\t\t\t\t\t<i aria-hidden=\"true\" class=\"fas fa-check\"><\/i>\t\t\t\t\t\t<\/span>\n\t\t\t\t\t\t\t\t\t\t<span class=\"elementor-icon-list-text\">Verhoogde koolstofopslag dankzij onze bomen en duurzame landbouwpraktijken<\/span>\n\t\t\t\t\t\t\t\t\t<\/li>\n\t\t\t\t\t\t\t\t<li class=\"elementor-icon-list-item\">\n\t\t\t\t\t\t\t\t\t\t\t<span class=\"elementor-icon-list-icon\">\n\t\t\t\t\t\t\t<i aria-hidden=\"true\" class=\"fas fa-check\"><\/i>\t\t\t\t\t\t<\/span>\n\t\t\t\t\t\t\t\t\t\t<span class=\"elementor-icon-list-text\">Ondersteuning van voedsellocalisatie en volledige traceerbaarheid, van de boom tot de chocolade<\/span>\n\t\t\t\t\t\t\t\t\t<\/li>\n\t\t\t\t\t\t<\/ul>\n\t\t\t\t\t\t<\/div>\n\t\t\t\t<\/div>\n\t\t\t\t<\/div>\n\t\t\t\t<\/div>\n\t\t\t\t<div class=\"elementor-element elementor-element-56ea1b0 elementor-widget-divider--view-line_icon elementor-view-default elementor-widget-divider--element-align-center elementor-widget elementor-widget-divider\" data-id=\"56ea1b0\" data-element_type=\"widget\" data-e-type=\"widget\" data-widget_type=\"divider.default\">\n\t\t\t\t<div class=\"elementor-widget-container\">\n\t\t\t\t\t\t\t<div class=\"elementor-divider\">\n\t\t\t<span class=\"elementor-divider-separator\">\n\t\t\t\t\t\t\t<div class=\"elementor-icon elementor-divider__element\">\n\t\t\t\t\t<i aria-hidden=\"true\" class=\"fas fa-leaf\"><\/i><\/div>\n\t\t\t\t\t\t<\/span>\n\t\t<\/div>\n\t\t\t\t\t\t<\/div>\n\t\t\t\t<\/div>\n\t\t\t\t<div class=\"elementor-element elementor-element-eccd588 elementor-widget-tablet__width-initial elementor-widget elementor-widget-heading\" data-id=\"eccd588\" data-element_type=\"widget\" data-e-type=\"widget\" data-widget_type=\"heading.default\">\n\t\t\t\t<div class=\"elementor-widget-container\">\n\t\t\t\t\t<h2 class=\"elementor-heading-title elementor-size-default\">De oorsprong van onze hazelnoten<\/h2>\t\t\t\t<\/div>\n\t\t\t\t<\/div>\n\t\t\t\t<div class=\"elementor-element elementor-element-8bebf6f elementor-widget-divider--view-line elementor-widget elementor-widget-divider\" data-id=\"8bebf6f\" data-element_type=\"widget\" data-e-type=\"widget\" data-widget_type=\"divider.default\">\n\t\t\t\t<div class=\"elementor-widget-container\">\n\t\t\t\t\t\t\t<div class=\"elementor-divider\">\n\t\t\t<span class=\"elementor-divider-separator\">\n\t\t\t\t\t\t<\/span>\n\t\t<\/div>\n\t\t\t\t\t\t<\/div>\n\t\t\t\t<\/div>\n\t\t\t\t<div class=\"elementor-element elementor-element-98bc017 elementor-widget-tablet__width-initial elementor-widget__width-initial elementor-widget elementor-widget-text-editor\" data-id=\"98bc017\" data-element_type=\"widget\" data-e-type=\"widget\" data-widget_type=\"text-editor.default\">\n\t\t\t\t<div class=\"elementor-widget-container\">\n\t\t\t\t\t\t\t\t\t<p>Bij Agronuts selecteren we elke hazelnoot zorgvuldig om onberispelijke kwaliteit te garanderen, in samenwerking met toegewijde producenten in Belgi\u00eb, Frankrijk en Itali\u00eb.<\/p>\n<p>Sinds 2020 ontwikkelen we onze eigen gaarden in Walloni\u00eb, met de eerste oogst in 2024 en het doel om in de toekomst volledig zelfvoorzienend te zijn. Tot die tijd vullen we onze voorraad aan met Europese hazelnoten uit duurzame bronnen, met uitsluiting van grootschalige productie zoals die uit Turkije.<\/p>\n<p>Deze overgang naar 100% lokale productie weerspiegelt onze inzet voor transparantie, kwaliteit en milieuvriendelijke landbouw.<\/p>\n\t\t\t\t\t\t\t\t<\/div>\n\t\t\t\t<\/div>\n\t\t\t\t<div class=\"elementor-element elementor-element-65d1c32 elementor-widget__width-initial elementor-widget elementor-widget-heading\" data-id=\"65d1c32\" data-element_type=\"widget\" data-e-type=\"widget\" data-widget_type=\"heading.default\">\n\t\t\t\t<div class=\"elementor-widget-container\">\n\t\t\t\t\t<p class=\"elementor-heading-title elementor-size-default\">Herontwerp het Waalse landschap terwijl u uw creaties verheft met uitzonderlijke ingredi\u00ebnten.<\/p>\t\t\t\t<\/div>\n\t\t\t\t<\/div>\n\t\t\t\t\t<\/div>\n\t\t\t\t<\/div>\n\t\t\t\t<\/div>\n\t\t","protected":false},"excerpt":{"rendered":"<p>Agronuts Manufacturing Een duurzame inzet Uw betrokkenheid ondersteunt de Belgische hazelnootindustrie Bij Agronuts geloven we vast dat elke hazelnoot een impact kan hebben die verder gaat dan uw creaties. Door onze producten te kiezen, neemt u actief deel aan een visionair project: het ontwikkelen van hazelnootgaarden in Walloni\u00eb. Elke jaar planten we nieuwe bomen om: [&hellip;]<\/p>\n","protected":false},"author":1,"featured_media":1443,"parent":1534,"menu_order":50,"comment_status":"closed","ping_status":"closed","template":"","meta":{"footnotes":""},"class_list":["post-1540","page","type-page","status-publish","has-post-thumbnail","hentry"],"yoast_head":"<!-- This site is optimized with the Yoast SEO plugin v25.3 - https:\/\/yoast.com\/wordpress\/plugins\/seo\/ -->\n<title>Een duurzame inzet - Agronuts<\/title>\n<meta name=\"description\" content=\"Bij Agronuts geloven we vast dat elke hazelnoot een impact kan hebben die verder gaat dan uw creaties.\" \/>\n<meta name=\"robots\" content=\"index, follow, max-snippet:-1, max-image-preview:large, max-video-preview:-1\" \/>\n<link rel=\"canonical\" href=\"https:\/\/agronuts.be\/nl\/manufacturing\/een-duurzame-inzet\/\" \/>\n<meta property=\"og:locale\" content=\"nl_NL\" \/>\n<meta property=\"og:type\" content=\"article\" \/>\n<meta property=\"og:title\" content=\"Een duurzame inzet - Agronuts\" \/>\n<meta property=\"og:description\" content=\"Bij Agronuts geloven we vast dat elke hazelnoot een impact kan hebben die verder gaat dan uw creaties.\" \/>\n<meta property=\"og:url\" content=\"https:\/\/agronuts.be\/nl\/manufacturing\/een-duurzame-inzet\/\" \/>\n<meta property=\"og:site_name\" content=\"Agronuts\" \/>\n<meta property=\"article:modified_time\" content=\"2025-05-07T15:03:53+00:00\" \/>\n<meta property=\"og:image\" content=\"https:\/\/agronuts.be\/wp-content\/uploads\/2025\/04\/un-engagement-durable.jpg\" \/>\n\t<meta property=\"og:image:width\" content=\"2560\" \/>\n\t<meta property=\"og:image:height\" content=\"1936\" \/>\n\t<meta property=\"og:image:type\" content=\"image\/jpeg\" \/>\n<meta name=\"twitter:card\" content=\"summary_large_image\" \/>\n<meta name=\"twitter:label1\" content=\"Geschatte leestijd\" \/>\n\t<meta name=\"twitter:data1\" content=\"1 minuut\" \/>\n<script type=\"application\/ld+json\" class=\"yoast-schema-graph\">{\"@context\":\"https:\/\/schema.org\",\"@graph\":[{\"@type\":\"WebPage\",\"@id\":\"https:\/\/agronuts.be\/nl\/manufacturing\/een-duurzame-inzet\/\",\"url\":\"https:\/\/agronuts.be\/nl\/manufacturing\/een-duurzame-inzet\/\",\"name\":\"Een duurzame inzet - Agronuts\",\"isPartOf\":{\"@id\":\"https:\/\/agronuts.be\/nl\/#website\"},\"primaryImageOfPage\":{\"@id\":\"https:\/\/agronuts.be\/nl\/manufacturing\/een-duurzame-inzet\/#primaryimage\"},\"image\":{\"@id\":\"https:\/\/agronuts.be\/nl\/manufacturing\/een-duurzame-inzet\/#primaryimage\"},\"thumbnailUrl\":\"https:\/\/agronuts.be\/wp-content\/uploads\/2025\/04\/un-engagement-durable.jpg\",\"datePublished\":\"2025-04-08T12:24:36+00:00\",\"dateModified\":\"2025-05-07T15:03:53+00:00\",\"description\":\"Bij Agronuts geloven we vast dat elke hazelnoot een impact kan hebben die verder gaat dan uw creaties.\",\"breadcrumb\":{\"@id\":\"https:\/\/agronuts.be\/nl\/manufacturing\/een-duurzame-inzet\/#breadcrumb\"},\"inLanguage\":\"nl-NL\",\"potentialAction\":[{\"@type\":\"ReadAction\",\"target\":[\"https:\/\/agronuts.be\/nl\/manufacturing\/een-duurzame-inzet\/\"]}]},{\"@type\":\"ImageObject\",\"inLanguage\":\"nl-NL\",\"@id\":\"https:\/\/agronuts.be\/nl\/manufacturing\/een-duurzame-inzet\/#primaryimage\",\"url\":\"https:\/\/agronuts.be\/wp-content\/uploads\/2025\/04\/un-engagement-durable.jpg\",\"contentUrl\":\"https:\/\/agronuts.be\/wp-content\/uploads\/2025\/04\/un-engagement-durable.jpg\",\"width\":2560,\"height\":1936},{\"@type\":\"BreadcrumbList\",\"@id\":\"https:\/\/agronuts.be\/nl\/manufacturing\/een-duurzame-inzet\/#breadcrumb\",\"itemListElement\":[{\"@type\":\"ListItem\",\"position\":1,\"name\":\"Home\",\"item\":\"https:\/\/agronuts.be\/nl\/kwekers-van-kwaliteit-ambachtslieden-van-smaak\/\"},{\"@type\":\"ListItem\",\"position\":2,\"name\":\"Manufacturing\",\"item\":\"https:\/\/agronuts.be\/nl\/manufacturing\/\"},{\"@type\":\"ListItem\",\"position\":3,\"name\":\"Een duurzame inzet\"}]},{\"@type\":\"WebSite\",\"@id\":\"https:\/\/agronuts.be\/nl\/#website\",\"url\":\"https:\/\/agronuts.be\/nl\/\",\"name\":\"Agronuts\",\"description\":\"Fournisseur de plants de noisetiers italiens certifi\u00e9s\",\"potentialAction\":[{\"@type\":\"SearchAction\",\"target\":{\"@type\":\"EntryPoint\",\"urlTemplate\":\"https:\/\/agronuts.be\/nl\/?s={search_term_string}\"},\"query-input\":{\"@type\":\"PropertyValueSpecification\",\"valueRequired\":true,\"valueName\":\"search_term_string\"}}],\"inLanguage\":\"nl-NL\"}]}<\/script>\n<!-- \/ Yoast SEO plugin. -->","yoast_head_json":{"title":"Een duurzame inzet - Agronuts","description":"Bij Agronuts geloven we vast dat elke hazelnoot een impact kan hebben die verder gaat dan uw creaties.","robots":{"index":"index","follow":"follow","max-snippet":"max-snippet:-1","max-image-preview":"max-image-preview:large","max-video-preview":"max-video-preview:-1"},"canonical":"https:\/\/agronuts.be\/nl\/manufacturing\/een-duurzame-inzet\/","og_locale":"nl_NL","og_type":"article","og_title":"Een duurzame inzet - Agronuts","og_description":"Bij Agronuts geloven we vast dat elke hazelnoot een impact kan hebben die verder gaat dan uw creaties.","og_url":"https:\/\/agronuts.be\/nl\/manufacturing\/een-duurzame-inzet\/","og_site_name":"Agronuts","article_modified_time":"2025-05-07T15:03:53+00:00","og_image":[{"width":2560,"height":1936,"url":"https:\/\/agronuts.be\/wp-content\/uploads\/2025\/04\/un-engagement-durable.jpg","type":"image\/jpeg"}],"twitter_card":"summary_large_image","twitter_misc":{"Geschatte leestijd":"1 minuut"},"schema":{"@context":"https:\/\/schema.org","@graph":[{"@type":"WebPage","@id":"https:\/\/agronuts.be\/nl\/manufacturing\/een-duurzame-inzet\/","url":"https:\/\/agronuts.be\/nl\/manufacturing\/een-duurzame-inzet\/","name":"Een duurzame inzet - Agronuts","isPartOf":{"@id":"https:\/\/agronuts.be\/nl\/#website"},"primaryImageOfPage":{"@id":"https:\/\/agronuts.be\/nl\/manufacturing\/een-duurzame-inzet\/#primaryimage"},"image":{"@id":"https:\/\/agronuts.be\/nl\/manufacturing\/een-duurzame-inzet\/#primaryimage"},"thumbnailUrl":"https:\/\/agronuts.be\/wp-content\/uploads\/2025\/04\/un-engagement-durable.jpg","datePublished":"2025-04-08T12:24:36+00:00","dateModified":"2025-05-07T15:03:53+00:00","description":"Bij Agronuts geloven we vast dat elke hazelnoot een impact kan hebben die verder gaat dan uw creaties.","breadcrumb":{"@id":"https:\/\/agronuts.be\/nl\/manufacturing\/een-duurzame-inzet\/#breadcrumb"},"inLanguage":"nl-NL","potentialAction":[{"@type":"ReadAction","target":["https:\/\/agronuts.be\/nl\/manufacturing\/een-duurzame-inzet\/"]}]},{"@type":"ImageObject","inLanguage":"nl-NL","@id":"https:\/\/agronuts.be\/nl\/manufacturing\/een-duurzame-inzet\/#primaryimage","url":"https:\/\/agronuts.be\/wp-content\/uploads\/2025\/04\/un-engagement-durable.jpg","contentUrl":"https:\/\/agronuts.be\/wp-content\/uploads\/2025\/04\/un-engagement-durable.jpg","width":2560,"height":1936},{"@type":"BreadcrumbList","@id":"https:\/\/agronuts.be\/nl\/manufacturing\/een-duurzame-inzet\/#breadcrumb","itemListElement":[{"@type":"ListItem","position":1,"name":"Home","item":"https:\/\/agronuts.be\/nl\/kwekers-van-kwaliteit-ambachtslieden-van-smaak\/"},{"@type":"ListItem","position":2,"name":"Manufacturing","item":"https:\/\/agronuts.be\/nl\/manufacturing\/"},{"@type":"ListItem","position":3,"name":"Een duurzame inzet"}]},{"@type":"WebSite","@id":"https:\/\/agronuts.be\/nl\/#website","url":"https:\/\/agronuts.be\/nl\/","name":"Agronuts","description":"Fournisseur de plants de noisetiers italiens certifi\u00e9s","potentialAction":[{"@type":"SearchAction","target":{"@type":"EntryPoint","urlTemplate":"https:\/\/agronuts.be\/nl\/?s={search_term_string}"},"query-input":{"@type":"PropertyValueSpecification","valueRequired":true,"valueName":"search_term_string"}}],"inLanguage":"nl-NL"}]}},"_links":{"self":[{"href":"https:\/\/agronuts.be\/nl\/wp-json\/wp\/v2\/pages\/1540","targetHints":{"allow":["GET"]}}],"collection":[{"href":"https:\/\/agronuts.be\/nl\/wp-json\/wp\/v2\/pages"}],"about":[{"href":"https:\/\/agronuts.be\/nl\/wp-json\/wp\/v2\/types\/page"}],"author":[{"embeddable":true,"href":"https:\/\/agronuts.be\/nl\/wp-json\/wp\/v2\/users\/1"}],"replies":[{"embeddable":true,"href":"https:\/\/agronuts.be\/nl\/wp-json\/wp\/v2\/comments?post=1540"}],"version-history":[{"count":1,"href":"https:\/\/agronuts.be\/nl\/wp-json\/wp\/v2\/pages\/1540\/revisions"}],"predecessor-version":[{"id":1541,"href":"https:\/\/agronuts.be\/nl\/wp-json\/wp\/v2\/pages\/1540\/revisions\/1541"}],"up":[{"embeddable":true,"href":"https:\/\/agronuts.be\/nl\/wp-json\/wp\/v2\/pages\/1534"}],"wp:featuredmedia":[{"embeddable":true,"href":"https:\/\/agronuts.be\/nl\/wp-json\/wp\/v2\/media\/1443"}],"wp:attachment":[{"href":"https:\/\/agronuts.be\/nl\/wp-json\/wp\/v2\/media?parent=1540"}],"curies":[{"name":"wp","href":"https:\/\/api.w.org\/{rel}","templated":true}]}}